{"id":3,"date":"2021-06-14T11:17:11","date_gmt":"2021-06-14T09:17:11","guid":{"rendered":"http:\/\/influej.cluster029.hosting.ovh.net\/?page_id=3"},"modified":"2022-03-18T11:08:11","modified_gmt":"2022-03-18T10:08:11","slug":"politique-de-confidentialite","status":"publish","type":"page","link":"https:\/\/www.influence-millau.com\/index.php\/politique-de-confidentialite\/","title":{"rendered":"MENTIONS L\u00c9GALES | CGV"},"content":{"rendered":"\n<p><strong>Conditions G\u00e9n\u00e9rales de Vente <\/strong><\/p>\n\n\n\n<div class=\"wp-block-file aligncenter\"><a id=\"wp-block-file--media-c0181f0e-c11a-4ad7-872a-07f2d3d9c848\" href=\"https:\/\/www.influence-millau.com\/wp-content\/uploads\/2022\/03\/CGV-INFLUENCE.pdf\">CGV-INFLUENCE<\/a><a href=\"https:\/\/www.influence-millau.com\/wp-content\/uploads\/2022\/03\/CGV-INFLUENCE.pdf\" class=\"wp-block-file__button\" download aria-describedby=\"wp-block-file--media-c0181f0e-c11a-4ad7-872a-07f2d3d9c848\">T\u00e9l\u00e9charger<\/a><\/div>\n\n\n\n<div class=\"wp-block-buttons is-layout-flex wp-block-buttons-is-layout-flex\"><\/div>\n\n\n\n<p><\/p>\n\n\n\n<h2 class=\"wp-block-heading\">Qui sommes-nous\u00a0?<\/h2>\n\n\n\n<p>L\u2019adresse de notre site web est&nbsp;: www.influence-millau.com<\/p>\n\n\n\n<p><strong>EDITEUR DU SITE<\/strong><\/p>\n\n\n\n<p>INFLUENCE<br>Maison des entreprises<br>4 rue de la M\u00e9gisserie &#8211; 12100 MILLAU &#8211; France<br>T\u00e9l. : + 33 (0)7 49 12 93 06<br>contact@influence-millau.com<br>N\u00b0 Siret : 885 174 847 00016<\/p>\n\n\n\n<p><strong>RESPONSABLE \u00c9DITORIAL<\/strong><\/p>\n\n\n\n<p>Julie BESSON<\/p>\n\n\n\n<p><strong>PROPRI\u00c9T\u00c9 INTELLECTUELLE<\/strong><\/p>\n\n\n\n<p>Le site ainsi que tous les \u00e9l\u00e9ments le composant et notamment : les textes, les images, la charte graphique et les bases de donn\u00e9es sont la propri\u00e9t\u00e9 exclusive de son auteur et sont prot\u00e9g\u00e9s au titre des dispositions du Code de la propri\u00e9t\u00e9 intellectuelle.<br>En cons\u00e9quence, toute reproduction ou repr\u00e9sentation totale ou partielle de ce site, toute extraction de la base de donn\u00e9es par quelque proc\u00e9d\u00e9 que ce soit, sans l\u2019autorisation expresse de Julie BESSON est interdite. Il en est de m\u00eame des bases de donn\u00e9es accessibles sur le site www.influence-millau.com qui sont \u00e9galement prot\u00e9g\u00e9es.<br>La m\u00e9connaissance de ces dispositions constituerait une contrefa\u00e7on punissable selon les dispositions du Code de la propri\u00e9t\u00e9 intellectuelle et du Code p\u00e9nal.<\/p>\n\n\n\n<p><strong>H\u00c9BERGEUR<\/strong><\/p>\n\n\n\n<p>OVH &#8211; France<br><strong>Adresse<\/strong>&nbsp;: 2 rue Kellermann &#8211; 59100 Roubaix &#8211; France<br><strong>T\u00e9l\u00e9phone<\/strong>&nbsp;: 08 203 203 63<\/p>\n\n\n\n<h2 class=\"wp-block-heading\">Utilisation des donn\u00e9es personnelles collect\u00e9es<\/h2>\n\n\n\n<h3 class=\"wp-block-heading\">Formulaires de contact<\/h3>\n\n\n\n<h3 class=\"wp-block-heading\">Cookies<\/h3>\n\n\n\n<p>Si vous d\u00e9posez un commentaire sur notre site, il vous sera propos\u00e9 d\u2019enregistrer votre nom, adresse de messagerie et site web dans des cookies. C\u2019est uniquement pour votre confort afin de ne pas avoir \u00e0 saisir ces informations si vous d\u00e9posez un autre commentaire plus tard. Ces cookies expirent au bout d\u2019un an.<\/p>\n\n\n\n<p>Si vous vous rendez sur la page de connexion, un cookie temporaire sera cr\u00e9\u00e9 afin de d\u00e9terminer si votre navigateur accepte les cookies. Il ne contient pas de donn\u00e9es personnelles et sera supprim\u00e9 automatiquement \u00e0 la fermeture de votre navigateur.<\/p>\n\n\n\n<p>Lorsque vous vous connecterez, nous mettrons en place un certain nombre de cookies pour enregistrer vos informations de connexion et vos pr\u00e9f\u00e9rences d\u2019\u00e9cran. La dur\u00e9e de vie d\u2019un cookie de connexion est de deux jours, celle d\u2019un cookie d\u2019option d\u2019\u00e9cran est d\u2019un an. Si vous cochez \u00ab&nbsp;Se souvenir de moi&nbsp;\u00bb, votre cookie de connexion sera conserv\u00e9 pendant deux semaines. Si vous vous d\u00e9connectez de votre compte, le cookie de connexion sera effac\u00e9.<\/p>\n\n\n\n<p>En modifiant ou en publiant une publication, un cookie suppl\u00e9mentaire sera enregistr\u00e9 dans votre navigateur. Ce cookie ne comprend aucune donn\u00e9e personnelle. Il indique simplement l\u2019ID de la publication que vous venez de modifier. Il expire au bout d\u2019un jour.<\/p>\n\n\n\n<h3 class=\"wp-block-heading\">Contenu embarqu\u00e9 depuis d\u2019autres sites<\/h3>\n\n\n\n<p>Les articles de ce site peuvent inclure des contenus int\u00e9gr\u00e9s (par exemple des vid\u00e9os, images, articles\u2026). Le contenu int\u00e9gr\u00e9 depuis d\u2019autres sites se comporte de la m\u00eame mani\u00e8re que si le visiteur se rendait sur cet autre site.<\/p>\n\n\n\n<p>Ces sites web pourraient collecter des donn\u00e9es sur vous, utiliser des cookies, embarquer des outils de suivis tiers, suivre vos interactions avec ces contenus embarqu\u00e9s si vous disposez d\u2019un compte connect\u00e9 sur leur site web.<\/p>\n\n\n\n<h2 class=\"wp-block-heading\">Utilisation et transmission de vos donn\u00e9es personnelles<\/h2>\n\n\n\n<h2 class=\"wp-block-heading\">Dur\u00e9es de stockage de vos donn\u00e9es<\/h2>\n\n\n\n<p>Si vous laissez un commentaire, le commentaire et ses m\u00e9tadonn\u00e9es sont conserv\u00e9s ind\u00e9finiment. Cela permet de reconna\u00eetre et approuver automatiquement les commentaires suivants au lieu de les laisser dans la file de mod\u00e9ration.<\/p>\n\n\n\n<p>Pour les utilisateurs et utilisatrices qui s\u2019inscrivent sur notre site (si cela est possible), nous stockons \u00e9galement les donn\u00e9es personnelles indiqu\u00e9es dans leur profil. Tous les utilisateurs et utilisatrices peuvent voir, modifier ou supprimer leurs informations personnelles \u00e0 tout moment (\u00e0 l\u2019exception de leur nom d\u2019utilisateur\u00b7ice). Les gestionnaires du site peuvent aussi voir et modifier ces informations.<\/p>\n\n\n\n<h2 class=\"wp-block-heading\">Les droits que vous avez sur vos donn\u00e9es<\/h2>\n\n\n\n<p>Si vous avez un compte ou si vous avez laiss\u00e9 des commentaires sur le site, vous pouvez demander \u00e0 recevoir un fichier contenant toutes les donn\u00e9es personnelles que nous poss\u00e9dons \u00e0 votre sujet, incluant celles que vous nous avez fournies. Vous pouvez \u00e9galement demander la suppression des donn\u00e9es personnelles vous concernant. Cela ne prend pas en compte les donn\u00e9es stock\u00e9es \u00e0 des fins administratives, l\u00e9gales ou pour des raisons de s\u00e9curit\u00e9.<\/p>\n\n\n\n<h2 class=\"wp-block-heading\">Transmission de vos donn\u00e9es personnelles<\/h2>\n\n\n\n<p>Les commentaires des visiteurs peuvent \u00eatre v\u00e9rifi\u00e9s \u00e0 l\u2019aide d\u2019un service automatis\u00e9 de d\u00e9tection des commentaires ind\u00e9sirables.<\/p>\n","protected":false},"excerpt":{"rendered":"<p>Conditions G\u00e9n\u00e9rales de Vente Qui sommes-nous\u00a0? L\u2019adresse de notre site web est&nbsp;: www.influence-millau.com EDITEUR DU SITE INFLUENCEMaison des entreprises4 rue de la M\u00e9gisserie &#8211; 12100 &hellip;<\/p>\n","protected":false},"author":1,"featured_media":0,"parent":0,"menu_order":5,"comment_status":"closed","ping_status":"closed","template":"","meta":{"om_disable_all_campaigns":false,"_monsterinsights_skip_tracking":false,"_monsterinsights_sitenote_active":false,"_monsterinsights_sitenote_note":"","_monsterinsights_sitenote_category":0,"_uf_show_specific_survey":0,"_uf_disable_surveys":false,"footnotes":""},"class_list":["post-3","page","type-page","status-publish","hentry"],"aioseo_notices":[],"yoast_head":"<!-- This site is optimized with the Yoast SEO plugin v24.9 - https:\/\/yoast.com\/wordpress\/plugins\/seo\/ -->\n<title>MENTIONS L\u00c9GALES | CGV - Agence de communication sp\u00e9cialis\u00e9e pour les sports &amp; activit\u00e9s outdoor<\/title>\n<meta name=\"robots\" content=\"index, follow, max-snippet:-1, max-image-preview:large, max-video-preview:-1\" \/>\n<link rel=\"canonical\" href=\"https:\/\/www.influence-millau.com\/index.php\/politique-de-confidentialite\/\" \/>\n<meta property=\"og:locale\" content=\"fr_FR\" \/>\n<meta property=\"og:type\" content=\"article\" \/>\n<meta property=\"og:title\" content=\"MENTIONS L\u00c9GALES | CGV - Agence de communication sp\u00e9cialis\u00e9e pour les sports &amp; activit\u00e9s outdoor\" \/>\n<meta property=\"og:description\" content=\"Conditions G\u00e9n\u00e9rales de Vente Qui sommes-nous\u00a0? L\u2019adresse de notre site web est&nbsp;: www.influence-millau.com EDITEUR DU SITE INFLUENCEMaison des entreprises4 rue de la M\u00e9gisserie &#8211; 12100 &hellip;\" \/>\n<meta property=\"og:url\" content=\"https:\/\/www.influence-millau.com\/index.php\/politique-de-confidentialite\/\" \/>\n<meta property=\"og:site_name\" content=\"Agence de communication sp\u00e9cialis\u00e9e pour les sports &amp; activit\u00e9s outdoor\" \/>\n<meta property=\"article:modified_time\" content=\"2022-03-18T10:08:11+00:00\" \/>\n<meta name=\"twitter:card\" content=\"summary_large_image\" \/>\n<meta name=\"twitter:label1\" content=\"Dur\u00e9e de lecture estim\u00e9e\" \/>\n\t<meta name=\"twitter:data1\" content=\"4 minutes\" \/>\n<script type=\"application\/ld+json\" class=\"yoast-schema-graph\">{\"@context\":\"https:\/\/schema.org\",\"@graph\":[{\"@type\":\"WebPage\",\"@id\":\"https:\/\/www.influence-millau.com\/index.php\/politique-de-confidentialite\/\",\"url\":\"https:\/\/www.influence-millau.com\/index.php\/politique-de-confidentialite\/\",\"name\":\"MENTIONS L\u00c9GALES | CGV - Agence de communication sp\u00e9cialis\u00e9e pour les sports &amp; activit\u00e9s outdoor\",\"isPartOf\":{\"@id\":\"https:\/\/www.influence-millau.com\/#website\"},\"datePublished\":\"2021-06-14T09:17:11+00:00\",\"dateModified\":\"2022-03-18T10:08:11+00:00\",\"breadcrumb\":{\"@id\":\"https:\/\/www.influence-millau.com\/index.php\/politique-de-confidentialite\/#breadcrumb\"},\"inLanguage\":\"fr-FR\",\"potentialAction\":[{\"@type\":\"ReadAction\",\"target\":[\"https:\/\/www.influence-millau.com\/index.php\/politique-de-confidentialite\/\"]}]},{\"@type\":\"BreadcrumbList\",\"@id\":\"https:\/\/www.influence-millau.com\/index.php\/politique-de-confidentialite\/#breadcrumb\",\"itemListElement\":[{\"@type\":\"ListItem\",\"position\":1,\"name\":\"Accueil\",\"item\":\"https:\/\/www.influence-millau.com\/\"},{\"@type\":\"ListItem\",\"position\":2,\"name\":\"MENTIONS L\u00c9GALES | CGV\"}]},{\"@type\":\"WebSite\",\"@id\":\"https:\/\/www.influence-millau.com\/#website\",\"url\":\"https:\/\/www.influence-millau.com\/\",\"name\":\"Agence de communication sp\u00e9cialis\u00e9e pour les sports &amp; activit\u00e9s outdoor\",\"description\":\"Bas\u00e9e \u00e0 Millau, capitale des sports de pleine nature.\",\"publisher\":{\"@id\":\"https:\/\/www.influence-millau.com\/#organization\"},\"potentialAction\":[{\"@type\":\"SearchAction\",\"target\":{\"@type\":\"EntryPoint\",\"urlTemplate\":\"https:\/\/www.influence-millau.com\/?s={search_term_string}\"},\"query-input\":{\"@type\":\"PropertyValueSpecification\",\"valueRequired\":true,\"valueName\":\"search_term_string\"}}],\"inLanguage\":\"fr-FR\"},{\"@type\":\"Organization\",\"@id\":\"https:\/\/www.influence-millau.com\/#organization\",\"name\":\"Influence\",\"url\":\"https:\/\/www.influence-millau.com\/\",\"logo\":{\"@type\":\"ImageObject\",\"inLanguage\":\"fr-FR\",\"@id\":\"https:\/\/www.influence-millau.com\/#\/schema\/logo\/image\/\",\"url\":\"https:\/\/www.influence-millau.com\/wp-content\/uploads\/2021\/06\/logo-horizontal.png\",\"contentUrl\":\"https:\/\/www.influence-millau.com\/wp-content\/uploads\/2021\/06\/logo-horizontal.png\",\"width\":860,\"height\":270,\"caption\":\"Influence\"},\"image\":{\"@id\":\"https:\/\/www.influence-millau.com\/#\/schema\/logo\/image\/\"}}]}<\/script>\n<!-- \/ Yoast SEO plugin. -->","yoast_head_json":{"title":"MENTIONS L\u00c9GALES | CGV - Agence de communication sp\u00e9cialis\u00e9e pour les sports &amp; activit\u00e9s outdoor","robots":{"index":"index","follow":"follow","max-snippet":"max-snippet:-1","max-image-preview":"max-image-preview:large","max-video-preview":"max-video-preview:-1"},"canonical":"https:\/\/www.influence-millau.com\/index.php\/politique-de-confidentialite\/","og_locale":"fr_FR","og_type":"article","og_title":"MENTIONS L\u00c9GALES | CGV - Agence de communication sp\u00e9cialis\u00e9e pour les sports &amp; activit\u00e9s outdoor","og_description":"Conditions G\u00e9n\u00e9rales de Vente Qui sommes-nous\u00a0? L\u2019adresse de notre site web est&nbsp;: www.influence-millau.com EDITEUR DU SITE INFLUENCEMaison des entreprises4 rue de la M\u00e9gisserie &#8211; 12100 &hellip;","og_url":"https:\/\/www.influence-millau.com\/index.php\/politique-de-confidentialite\/","og_site_name":"Agence de communication sp\u00e9cialis\u00e9e pour les sports &amp; activit\u00e9s outdoor","article_modified_time":"2022-03-18T10:08:11+00:00","twitter_card":"summary_large_image","twitter_misc":{"Dur\u00e9e de lecture estim\u00e9e":"4 minutes"},"schema":{"@context":"https:\/\/schema.org","@graph":[{"@type":"WebPage","@id":"https:\/\/www.influence-millau.com\/index.php\/politique-de-confidentialite\/","url":"https:\/\/www.influence-millau.com\/index.php\/politique-de-confidentialite\/","name":"MENTIONS L\u00c9GALES | CGV - Agence de communication sp\u00e9cialis\u00e9e pour les sports &amp; activit\u00e9s outdoor","isPartOf":{"@id":"https:\/\/www.influence-millau.com\/#website"},"datePublished":"2021-06-14T09:17:11+00:00","dateModified":"2022-03-18T10:08:11+00:00","breadcrumb":{"@id":"https:\/\/www.influence-millau.com\/index.php\/politique-de-confidentialite\/#breadcrumb"},"inLanguage":"fr-FR","potentialAction":[{"@type":"ReadAction","target":["https:\/\/www.influence-millau.com\/index.php\/politique-de-confidentialite\/"]}]},{"@type":"BreadcrumbList","@id":"https:\/\/www.influence-millau.com\/index.php\/politique-de-confidentialite\/#breadcrumb","itemListElement":[{"@type":"ListItem","position":1,"name":"Accueil","item":"https:\/\/www.influence-millau.com\/"},{"@type":"ListItem","position":2,"name":"MENTIONS L\u00c9GALES | CGV"}]},{"@type":"WebSite","@id":"https:\/\/www.influence-millau.com\/#website","url":"https:\/\/www.influence-millau.com\/","name":"Agence de communication sp\u00e9cialis\u00e9e pour les sports &amp; activit\u00e9s outdoor","description":"Bas\u00e9e \u00e0 Millau, capitale des sports de pleine nature.","publisher":{"@id":"https:\/\/www.influence-millau.com\/#organization"},"potentialAction":[{"@type":"SearchAction","target":{"@type":"EntryPoint","urlTemplate":"https:\/\/www.influence-millau.com\/?s={search_term_string}"},"query-input":{"@type":"PropertyValueSpecification","valueRequired":true,"valueName":"search_term_string"}}],"inLanguage":"fr-FR"},{"@type":"Organization","@id":"https:\/\/www.influence-millau.com\/#organization","name":"Influence","url":"https:\/\/www.influence-millau.com\/","logo":{"@type":"ImageObject","inLanguage":"fr-FR","@id":"https:\/\/www.influence-millau.com\/#\/schema\/logo\/image\/","url":"https:\/\/www.influence-millau.com\/wp-content\/uploads\/2021\/06\/logo-horizontal.png","contentUrl":"https:\/\/www.influence-millau.com\/wp-content\/uploads\/2021\/06\/logo-horizontal.png","width":860,"height":270,"caption":"Influence"},"image":{"@id":"https:\/\/www.influence-millau.com\/#\/schema\/logo\/image\/"}}]}},"_links":{"self":[{"href":"https:\/\/www.influence-millau.com\/index.php\/wp-json\/wp\/v2\/pages\/3","targetHints":{"allow":["GET"]}}],"collection":[{"href":"https:\/\/www.influence-millau.com\/index.php\/wp-json\/wp\/v2\/pages"}],"about":[{"href":"https:\/\/www.influence-millau.com\/index.php\/wp-json\/wp\/v2\/types\/page"}],"author":[{"embeddable":true,"href":"https:\/\/www.influence-millau.com\/index.php\/wp-json\/wp\/v2\/users\/1"}],"replies":[{"embeddable":true,"href":"https:\/\/www.influence-millau.com\/index.php\/wp-json\/wp\/v2\/comments?post=3"}],"version-history":[{"count":11,"href":"https:\/\/www.influence-millau.com\/index.php\/wp-json\/wp\/v2\/pages\/3\/revisions"}],"predecessor-version":[{"id":522,"href":"https:\/\/www.influence-millau.com\/index.php\/wp-json\/wp\/v2\/pages\/3\/revisions\/522"}],"wp:attachment":[{"href":"https:\/\/www.influence-millau.com\/index.php\/wp-json\/wp\/v2\/media?parent=3"}],"curies":[{"name":"wp","href":"https:\/\/api.w.org\/{rel}","templated":true}]}}