{"id":2,"date":"2021-06-14T11:17:11","date_gmt":"2021-06-14T09:17:11","guid":{"rendered":"http:\/\/influej.cluster029.hosting.ovh.net\/?page_id=2"},"modified":"2024-08-25T10:37:53","modified_gmt":"2024-08-25T08:37:53","slug":"page-d-exemple","status":"publish","type":"page","link":"https:\/\/www.influence-millau.com\/","title":{"rendered":"BIENVENUE"},"content":{"rendered":"\t\t<div data-elementor-type=\"wp-page\" data-elementor-id=\"2\" class=\"elementor elementor-2\">\n\t\t\t\t\t\t\t\t\t<section class=\"elementor-section elementor-top-section elementor-element elementor-element-450fc905 elementor-section-boxed elementor-section-height-default elementor-section-height-default\" data-id=\"450fc905\" data-element_type=\"section\">\n\t\t\t\t\t\t<div class=\"elementor-container elementor-column-gap-default\">\n\t\t\t\t\t<div class=\"elementor-column elementor-col-100 elementor-top-column elementor-element elementor-element-43c0f11\" data-id=\"43c0f11\" data-element_type=\"column\">\n\t\t\t<div class=\"elementor-widget-wrap elementor-element-populated\">\n\t\t\t\t\t\t\t\t<div class=\"elementor-element elementor-element-4c09fca2 elementor-widget elementor-widget-text-editor\" data-id=\"4c09fca2\" data-element_type=\"widget\" data-widget_type=\"text-editor.default\">\n\t\t\t\t<div class=\"elementor-widget-container\">\n\t\t\t<style>\/*! elementor - v3.16.0 - 17-10-2023 *\/\n.elementor-widget-text-editor.elementor-drop-cap-view-stacked .elementor-drop-cap{background-color:#69727d;color:#fff}.elementor-widget-text-editor.elementor-drop-cap-view-framed .elementor-drop-cap{color:#69727d;border:3px solid;background-color:transparent}.elementor-widget-text-editor:not(.elementor-drop-cap-view-default) .elementor-drop-cap{margin-top:8px}.elementor-widget-text-editor:not(.elementor-drop-cap-view-default) .elementor-drop-cap-letter{width:1em;height:1em}.elementor-widget-text-editor .elementor-drop-cap{float:left;text-align:center;line-height:1;font-size:50px}.elementor-widget-text-editor .elementor-drop-cap-letter{display:inline-block}<\/style>\t\t\t\t<p class=\"has-text-align-center\">Graphiste cr\u00e9ative et minutieuse, j\u2019accompagne les porteurs de projets (entreprise, association, institution\u2026)<br \/>dans\u00a0<strong>la cr\u00e9ation graphique de tous supports de communication<\/strong> destin\u00e9s au secteur des sports outdoor, <br \/>du tourisme, des activit\u00e9s et \u00e9v\u00e9nements de pleine nature.<\/p><p class=\"has-text-align-center\">Forte d\u2019une\u00a0<strong>exp\u00e9rience de 18 ans en graphisme<\/strong>, en parall\u00e8le de mon parcours professionnel,<br \/>j\u2019ai acquis des comp\u00e9tences dans les sports outdoor.\u00a0<br \/><strong>Depuis 8 ans, je pratique diff\u00e9rentes activit\u00e9s sportives<\/strong>, et je suis activement impliqu\u00e9e dans des \u00e9v\u00e9nements autour du trail.<br \/><strong>Ma passion pour la nature et notre territoire, associ\u00e9e \u00e0 mon r\u00e9seau et mes connaissances, constitue une v\u00e9ritable valeur ajout\u00e9e pour cette agence de communication sp\u00e9cialis\u00e9e.<\/strong><\/p>\t\t\t\t\t\t<\/div>\n\t\t\t\t<\/div>\n\t\t\t\t\t<\/div>\n\t\t<\/div>\n\t\t\t\t\t\t\t<\/div>\n\t\t<\/section>\n\t\t\t\t<section class=\"elementor-section elementor-top-section elementor-element elementor-element-f1bf2d1 elementor-section-boxed elementor-section-height-default elementor-section-height-default\" data-id=\"f1bf2d1\" data-element_type=\"section\">\n\t\t\t\t\t\t<div class=\"elementor-container elementor-column-gap-default\">\n\t\t\t\t\t<div class=\"elementor-column elementor-col-100 elementor-top-column elementor-element elementor-element-187dabd\" data-id=\"187dabd\" data-element_type=\"column\">\n\t\t\t<div class=\"elementor-widget-wrap elementor-element-populated\">\n\t\t\t\t\t\t\t\t<div class=\"elementor-element elementor-element-5bbc7d6 elementor-widget elementor-widget-spacer\" data-id=\"5bbc7d6\" data-element_type=\"widget\" data-widget_type=\"spacer.default\">\n\t\t\t\t<div class=\"elementor-widget-container\">\n\t\t\t<style>\/*! elementor - v3.16.0 - 17-10-2023 *\/\n.elementor-column .elementor-spacer-inner{height:var(--spacer-size)}.e-con{--container-widget-width:100%}.e-con-inner>.elementor-widget-spacer,.e-con>.elementor-widget-spacer{width:var(--container-widget-width,var(--spacer-size));--align-self:var(--container-widget-align-self,initial);--flex-shrink:0}.e-con-inner>.elementor-widget-spacer>.elementor-widget-container,.e-con>.elementor-widget-spacer>.elementor-widget-container{height:100%;width:100%}.e-con-inner>.elementor-widget-spacer>.elementor-widget-container>.elementor-spacer,.e-con>.elementor-widget-spacer>.elementor-widget-container>.elementor-spacer{height:100%}.e-con-inner>.elementor-widget-spacer>.elementor-widget-container>.elementor-spacer>.elementor-spacer-inner,.e-con>.elementor-widget-spacer>.elementor-widget-container>.elementor-spacer>.elementor-spacer-inner{height:var(--container-widget-height,var(--spacer-size))}.e-con-inner>.elementor-widget-spacer.elementor-widget-empty,.e-con>.elementor-widget-spacer.elementor-widget-empty{position:relative;min-height:22px;min-width:22px}.e-con-inner>.elementor-widget-spacer.elementor-widget-empty .elementor-widget-empty-icon,.e-con>.elementor-widget-spacer.elementor-widget-empty .elementor-widget-empty-icon{position:absolute;top:0;bottom:0;left:0;right:0;margin:auto;padding:0;width:22px;height:22px}<\/style>\t\t<div class=\"elementor-spacer\">\n\t\t\t<div class=\"elementor-spacer-inner\"><\/div>\n\t\t<\/div>\n\t\t\t\t<\/div>\n\t\t\t\t<\/div>\n\t\t\t\t\t<\/div>\n\t\t<\/div>\n\t\t\t\t\t\t\t<\/div>\n\t\t<\/section>\n\t\t\t\t<section class=\"elementor-section elementor-top-section elementor-element elementor-element-79652eb elementor-section-boxed elementor-section-height-default elementor-section-height-default\" data-id=\"79652eb\" data-element_type=\"section\">\n\t\t\t\t\t\t<div class=\"elementor-container elementor-column-gap-default\">\n\t\t\t\t\t<div class=\"elementor-column elementor-col-33 elementor-top-column elementor-element elementor-element-84d7642\" data-id=\"84d7642\" data-element_type=\"column\">\n\t\t\t<div class=\"elementor-widget-wrap elementor-element-populated\">\n\t\t\t\t\t\t\t\t<div class=\"elementor-element elementor-element-ad9a806 elementor-invisible elementor-widget elementor-widget-image\" data-id=\"ad9a806\" data-element_type=\"widget\" data-settings=\"{&quot;_animation&quot;:&quot;zoomIn&quot;}\" data-widget_type=\"image.default\">\n\t\t\t\t<div class=\"elementor-widget-container\">\n\t\t\t<style>\/*! elementor - v3.16.0 - 17-10-2023 *\/\n.elementor-widget-image{text-align:center}.elementor-widget-image a{display:inline-block}.elementor-widget-image a img[src$=\".svg\"]{width:48px}.elementor-widget-image img{vertical-align:middle;display:inline-block}<\/style>\t\t\t\t\t\t\t\t\t<figure class=\"wp-caption\">\n\t\t\t\t\t\t\t\t\t\t<img loading=\"lazy\" decoding=\"async\" width=\"1080\" height=\"1080\" src=\"https:\/\/www.influence-millau.com\/wp-content\/uploads\/2022\/09\/id-viaduc.jpeg\" class=\"attachment-full size-full wp-image-528\" alt=\"\" srcset=\"https:\/\/www.influence-millau.com\/wp-content\/uploads\/2022\/09\/id-viaduc.jpeg 1080w, https:\/\/www.influence-millau.com\/wp-content\/uploads\/2022\/09\/id-viaduc-300x300.jpeg 300w, https:\/\/www.influence-millau.com\/wp-content\/uploads\/2022\/09\/id-viaduc-1024x1024.jpeg 1024w, https:\/\/www.influence-millau.com\/wp-content\/uploads\/2022\/09\/id-viaduc-150x150.jpeg 150w, https:\/\/www.influence-millau.com\/wp-content\/uploads\/2022\/09\/id-viaduc-768x768.jpeg 768w\" sizes=\"auto, (max-width: 1080px) 100vw, 1080px\" \/>\t\t\t\t\t\t\t\t\t\t\t<figcaption class=\"widget-image-caption wp-caption-text\">Identit\u00e9 visuelle<\/figcaption>\n\t\t\t\t\t\t\t\t\t\t<\/figure>\n\t\t\t\t\t\t\t\t\t<\/div>\n\t\t\t\t<\/div>\n\t\t\t\t\t<\/div>\n\t\t<\/div>\n\t\t\t\t<div class=\"elementor-column elementor-col-33 elementor-top-column elementor-element elementor-element-6a487d1\" data-id=\"6a487d1\" data-element_type=\"column\">\n\t\t\t<div class=\"elementor-widget-wrap elementor-element-populated\">\n\t\t\t\t\t\t\t\t<div class=\"elementor-element elementor-element-6b8ec9e elementor-invisible elementor-widget elementor-widget-image\" data-id=\"6b8ec9e\" data-element_type=\"widget\" data-settings=\"{&quot;_animation&quot;:&quot;zoomIn&quot;}\" data-widget_type=\"image.default\">\n\t\t\t\t<div class=\"elementor-widget-container\">\n\t\t\t\t\t\t\t\t\t\t\t\t<figure class=\"wp-caption\">\n\t\t\t\t\t\t\t\t\t\t<img loading=\"lazy\" decoding=\"async\" width=\"1239\" height=\"1240\" src=\"https:\/\/www.influence-millau.com\/wp-content\/uploads\/2024\/08\/affiche-Templiers-24.jpg\" class=\"attachment-full size-full wp-image-611\" alt=\"\" srcset=\"https:\/\/www.influence-millau.com\/wp-content\/uploads\/2024\/08\/affiche-Templiers-24.jpg 1239w, https:\/\/www.influence-millau.com\/wp-content\/uploads\/2024\/08\/affiche-Templiers-24-300x300.jpg 300w, https:\/\/www.influence-millau.com\/wp-content\/uploads\/2024\/08\/affiche-Templiers-24-1024x1024.jpg 1024w, https:\/\/www.influence-millau.com\/wp-content\/uploads\/2024\/08\/affiche-Templiers-24-150x150.jpg 150w, https:\/\/www.influence-millau.com\/wp-content\/uploads\/2024\/08\/affiche-Templiers-24-768x769.jpg 768w\" sizes=\"auto, (max-width: 1239px) 100vw, 1239px\" \/>\t\t\t\t\t\t\t\t\t\t\t<figcaption class=\"widget-image-caption wp-caption-text\">Cr\u00e9ation graphique<\/figcaption>\n\t\t\t\t\t\t\t\t\t\t<\/figure>\n\t\t\t\t\t\t\t\t\t<\/div>\n\t\t\t\t<\/div>\n\t\t\t\t\t<\/div>\n\t\t<\/div>\n\t\t\t\t<div class=\"elementor-column elementor-col-33 elementor-top-column elementor-element elementor-element-978f8f9\" data-id=\"978f8f9\" data-element_type=\"column\">\n\t\t\t<div class=\"elementor-widget-wrap elementor-element-populated\">\n\t\t\t\t\t\t\t\t<div class=\"elementor-element elementor-element-da9c6a1 elementor-invisible elementor-widget elementor-widget-image\" data-id=\"da9c6a1\" data-element_type=\"widget\" data-settings=\"{&quot;_animation&quot;:&quot;zoomIn&quot;}\" data-widget_type=\"image.default\">\n\t\t\t\t<div class=\"elementor-widget-container\">\n\t\t\t\t\t\t\t\t\t\t\t\t<figure class=\"wp-caption\">\n\t\t\t\t\t\t\t\t\t\t<img loading=\"lazy\" decoding=\"async\" width=\"1181\" height=\"1181\" src=\"https:\/\/www.influence-millau.com\/wp-content\/uploads\/2022\/09\/site-azam-2.png\" class=\"attachment-full size-full wp-image-532\" alt=\"\" srcset=\"https:\/\/www.influence-millau.com\/wp-content\/uploads\/2022\/09\/site-azam-2.png 1181w, https:\/\/www.influence-millau.com\/wp-content\/uploads\/2022\/09\/site-azam-2-300x300.png 300w, https:\/\/www.influence-millau.com\/wp-content\/uploads\/2022\/09\/site-azam-2-1024x1024.png 1024w, https:\/\/www.influence-millau.com\/wp-content\/uploads\/2022\/09\/site-azam-2-150x150.png 150w, https:\/\/www.influence-millau.com\/wp-content\/uploads\/2022\/09\/site-azam-2-768x768.png 768w\" sizes=\"auto, (max-width: 1181px) 100vw, 1181px\" \/>\t\t\t\t\t\t\t\t\t\t\t<figcaption class=\"widget-image-caption wp-caption-text\">Communication digitale<\/figcaption>\n\t\t\t\t\t\t\t\t\t\t<\/figure>\n\t\t\t\t\t\t\t\t\t<\/div>\n\t\t\t\t<\/div>\n\t\t\t\t\t<\/div>\n\t\t<\/div>\n\t\t\t\t\t\t\t<\/div>\n\t\t<\/section>\n\t\t\t\t<section class=\"elementor-section elementor-top-section elementor-element elementor-element-0e61d55 elementor-section-boxed elementor-section-height-default elementor-section-height-default\" data-id=\"0e61d55\" data-element_type=\"section\">\n\t\t\t\t\t\t<div class=\"elementor-container elementor-column-gap-default\">\n\t\t\t\t\t<div class=\"elementor-column elementor-col-100 elementor-top-column elementor-element elementor-element-68888df\" data-id=\"68888df\" data-element_type=\"column\">\n\t\t\t<div class=\"elementor-widget-wrap elementor-element-populated\">\n\t\t\t\t\t\t\t\t<div class=\"elementor-element elementor-element-8b1a145 elementor-widget elementor-widget-spacer\" data-id=\"8b1a145\" data-element_type=\"widget\" data-widget_type=\"spacer.default\">\n\t\t\t\t<div class=\"elementor-widget-container\">\n\t\t\t\t\t<div class=\"elementor-spacer\">\n\t\t\t<div class=\"elementor-spacer-inner\"><\/div>\n\t\t<\/div>\n\t\t\t\t<\/div>\n\t\t\t\t<\/div>\n\t\t\t\t\t<\/div>\n\t\t<\/div>\n\t\t\t\t\t\t\t<\/div>\n\t\t<\/section>\n\t\t\t\t<section class=\"elementor-section elementor-top-section elementor-element elementor-element-9d96911 elementor-section-boxed elementor-section-height-default elementor-section-height-default\" data-id=\"9d96911\" data-element_type=\"section\">\n\t\t\t\t\t\t<div class=\"elementor-container elementor-column-gap-default\">\n\t\t\t\t\t<div class=\"elementor-column elementor-col-100 elementor-top-column elementor-element elementor-element-3aebc21\" data-id=\"3aebc21\" data-element_type=\"column\">\n\t\t\t<div class=\"elementor-widget-wrap elementor-element-populated\">\n\t\t\t\t\t\t\t\t<div class=\"elementor-element elementor-element-7c6da96 elementor-align-center elementor-widget elementor-widget-button\" data-id=\"7c6da96\" data-element_type=\"widget\" data-widget_type=\"button.default\">\n\t\t\t\t<div class=\"elementor-widget-container\">\n\t\t\t\t\t<div class=\"elementor-button-wrapper\">\n\t\t\t<a class=\"elementor-button elementor-button-link elementor-size-md elementor-animation-grow\" href=\"https:\/\/www.influence-millau.com\/index.php\/portfolio\/\">\n\t\t\t\t\t\t<span class=\"elementor-button-content-wrapper\">\n\t\t\t\t\t\t<span class=\"elementor-button-text\">PORTFOLIO<\/span>\n\t\t<\/span>\n\t\t\t\t\t<\/a>\n\t\t<\/div>\n\t\t\t\t<\/div>\n\t\t\t\t<\/div>\n\t\t\t\t<div class=\"elementor-element elementor-element-bd1cf6f elementor-widget elementor-widget-spacer\" data-id=\"bd1cf6f\" data-element_type=\"widget\" data-widget_type=\"spacer.default\">\n\t\t\t\t<div class=\"elementor-widget-container\">\n\t\t\t\t\t<div class=\"elementor-spacer\">\n\t\t\t<div class=\"elementor-spacer-inner\"><\/div>\n\t\t<\/div>\n\t\t\t\t<\/div>\n\t\t\t\t<\/div>\n\t\t\t\t<div class=\"elementor-element elementor-element-cc63ef4 elementor-invisible elementor-widget elementor-widget-heading\" data-id=\"cc63ef4\" data-element_type=\"widget\" data-settings=\"{&quot;_animation&quot;:&quot;zoomIn&quot;}\" data-widget_type=\"heading.default\">\n\t\t\t\t<div class=\"elementor-widget-container\">\n\t\t\t<style>\/*! elementor - v3.16.0 - 17-10-2023 *\/\n.elementor-heading-title{padding:0;margin:0;line-height:1}.elementor-widget-heading .elementor-heading-title[class*=elementor-size-]>a{color:inherit;font-size:inherit;line-height:inherit}.elementor-widget-heading .elementor-heading-title.elementor-size-small{font-size:15px}.elementor-widget-heading .elementor-heading-title.elementor-size-medium{font-size:19px}.elementor-widget-heading .elementor-heading-title.elementor-size-large{font-size:29px}.elementor-widget-heading .elementor-heading-title.elementor-size-xl{font-size:39px}.elementor-widget-heading .elementor-heading-title.elementor-size-xxl{font-size:59px}<\/style><h5 class=\"elementor-heading-title elementor-size-default\">Vous avez une id\u00e9e, un projet, une question... ? Rencontrons-nous !<\/h5>\t\t<\/div>\n\t\t\t\t<\/div>\n\t\t\t\t\t<\/div>\n\t\t<\/div>\n\t\t\t\t\t\t\t<\/div>\n\t\t<\/section>\n\t\t\t\t\t\t\t<\/div>\n\t\t","protected":false},"excerpt":{"rendered":"<p>Graphiste cr\u00e9ative et minutieuse, j\u2019accompagne les porteurs de projets (entreprise, association, institution\u2026)dans\u00a0la cr\u00e9ation graphique de tous supports de communication destin\u00e9s au secteur des sports outdoor, &hellip;<\/p>\n","protected":false},"author":1,"featured_media":0,"parent":0,"menu_order":1,"comment_status":"closed","ping_status":"open","template":"","meta":{"om_disable_all_campaigns":false,"_monsterinsights_skip_tracking":false,"_monsterinsights_sitenote_active":false,"_monsterinsights_sitenote_note":"","_monsterinsights_sitenote_category":0,"_uf_show_specific_survey":0,"_uf_disable_surveys":false,"footnotes":""},"class_list":["post-2","page","type-page","status-publish","hentry"],"aioseo_notices":[],"yoast_head":"<!-- This site is optimized with the Yoast SEO plugin v24.9 - https:\/\/yoast.com\/wordpress\/plugins\/seo\/ -->\n<title>Agence de communication sp\u00e9cialiste outdoor - Millau<\/title>\n<meta name=\"description\" content=\"Cr\u00e9ation graphique de tous supports de communication destin\u00e9s au secteur des sports outdoor, et du tourisme.\" \/>\n<meta name=\"robots\" content=\"index, follow, max-snippet:-1, max-image-preview:large, max-video-preview:-1\" \/>\n<link rel=\"canonical\" href=\"https:\/\/www.influence-millau.com\/\" \/>\n<meta property=\"og:locale\" content=\"fr_FR\" \/>\n<meta property=\"og:type\" content=\"article\" \/>\n<meta property=\"og:title\" content=\"Agence de communication sp\u00e9cialiste outdoor - Millau\" \/>\n<meta property=\"og:description\" content=\"Cr\u00e9ation graphique de tous supports de communication destin\u00e9s au secteur des sports outdoor, et du tourisme.\" \/>\n<meta property=\"og:url\" content=\"https:\/\/www.influence-millau.com\/\" \/>\n<meta property=\"og:site_name\" content=\"Agence de communication sp\u00e9cialis\u00e9e pour les sports &amp; activit\u00e9s outdoor\" \/>\n<meta property=\"article:modified_time\" content=\"2024-08-25T08:37:53+00:00\" \/>\n<meta property=\"og:image\" content=\"https:\/\/www.influence-millau.com\/wp-content\/uploads\/2022\/09\/id-viaduc.jpeg\" \/>\n<meta name=\"twitter:card\" content=\"summary_large_image\" \/>\n<meta name=\"twitter:label1\" content=\"Dur\u00e9e de lecture estim\u00e9e\" \/>\n\t<meta name=\"twitter:data1\" content=\"2 minutes\" \/>\n<script type=\"application\/ld+json\" class=\"yoast-schema-graph\">{\"@context\":\"https:\/\/schema.org\",\"@graph\":[{\"@type\":\"WebPage\",\"@id\":\"https:\/\/www.influence-millau.com\/\",\"url\":\"https:\/\/www.influence-millau.com\/\",\"name\":\"Agence de communication sp\u00e9cialiste outdoor - Millau\",\"isPartOf\":{\"@id\":\"https:\/\/www.influence-millau.com\/#website\"},\"primaryImageOfPage\":{\"@id\":\"https:\/\/www.influence-millau.com\/#primaryimage\"},\"image\":{\"@id\":\"https:\/\/www.influence-millau.com\/#primaryimage\"},\"thumbnailUrl\":\"https:\/\/www.influence-millau.com\/wp-content\/uploads\/2022\/09\/id-viaduc.jpeg\",\"datePublished\":\"2021-06-14T09:17:11+00:00\",\"dateModified\":\"2024-08-25T08:37:53+00:00\",\"description\":\"Cr\u00e9ation graphique de tous supports de communication destin\u00e9s au secteur des sports outdoor, et du tourisme.\",\"breadcrumb\":{\"@id\":\"https:\/\/www.influence-millau.com\/#breadcrumb\"},\"inLanguage\":\"fr-FR\",\"potentialAction\":[{\"@type\":\"ReadAction\",\"target\":[\"https:\/\/www.influence-millau.com\/\"]}]},{\"@type\":\"ImageObject\",\"inLanguage\":\"fr-FR\",\"@id\":\"https:\/\/www.influence-millau.com\/#primaryimage\",\"url\":\"https:\/\/www.influence-millau.com\/wp-content\/uploads\/2022\/09\/id-viaduc.jpeg\",\"contentUrl\":\"https:\/\/www.influence-millau.com\/wp-content\/uploads\/2022\/09\/id-viaduc.jpeg\",\"width\":1080,\"height\":1080},{\"@type\":\"BreadcrumbList\",\"@id\":\"https:\/\/www.influence-millau.com\/#breadcrumb\",\"itemListElement\":[{\"@type\":\"ListItem\",\"position\":1,\"name\":\"Accueil\",\"item\":\"https:\/\/www.influence-millau.com\/\"},{\"@type\":\"ListItem\",\"position\":2,\"name\":\"BIENVENUE\"}]},{\"@type\":\"WebSite\",\"@id\":\"https:\/\/www.influence-millau.com\/#website\",\"url\":\"https:\/\/www.influence-millau.com\/\",\"name\":\"Agence de communication sp\u00e9cialis\u00e9e pour les sports &amp; activit\u00e9s outdoor\",\"description\":\"Bas\u00e9e \u00e0 Millau, capitale des sports de pleine nature.\",\"publisher\":{\"@id\":\"https:\/\/www.influence-millau.com\/#organization\"},\"potentialAction\":[{\"@type\":\"SearchAction\",\"target\":{\"@type\":\"EntryPoint\",\"urlTemplate\":\"https:\/\/www.influence-millau.com\/?s={search_term_string}\"},\"query-input\":{\"@type\":\"PropertyValueSpecification\",\"valueRequired\":true,\"valueName\":\"search_term_string\"}}],\"inLanguage\":\"fr-FR\"},{\"@type\":\"Organization\",\"@id\":\"https:\/\/www.influence-millau.com\/#organization\",\"name\":\"Influence\",\"url\":\"https:\/\/www.influence-millau.com\/\",\"logo\":{\"@type\":\"ImageObject\",\"inLanguage\":\"fr-FR\",\"@id\":\"https:\/\/www.influence-millau.com\/#\/schema\/logo\/image\/\",\"url\":\"https:\/\/www.influence-millau.com\/wp-content\/uploads\/2021\/06\/logo-horizontal.png\",\"contentUrl\":\"https:\/\/www.influence-millau.com\/wp-content\/uploads\/2021\/06\/logo-horizontal.png\",\"width\":860,\"height\":270,\"caption\":\"Influence\"},\"image\":{\"@id\":\"https:\/\/www.influence-millau.com\/#\/schema\/logo\/image\/\"}}]}<\/script>\n<!-- \/ Yoast SEO plugin. -->","yoast_head_json":{"title":"Agence de communication sp\u00e9cialiste outdoor - Millau","description":"Cr\u00e9ation graphique de tous supports de communication destin\u00e9s au secteur des sports outdoor, et du tourisme.","robots":{"index":"index","follow":"follow","max-snippet":"max-snippet:-1","max-image-preview":"max-image-preview:large","max-video-preview":"max-video-preview:-1"},"canonical":"https:\/\/www.influence-millau.com\/","og_locale":"fr_FR","og_type":"article","og_title":"Agence de communication sp\u00e9cialiste outdoor - Millau","og_description":"Cr\u00e9ation graphique de tous supports de communication destin\u00e9s au secteur des sports outdoor, et du tourisme.","og_url":"https:\/\/www.influence-millau.com\/","og_site_name":"Agence de communication sp\u00e9cialis\u00e9e pour les sports &amp; activit\u00e9s outdoor","article_modified_time":"2024-08-25T08:37:53+00:00","og_image":[{"url":"https:\/\/www.influence-millau.com\/wp-content\/uploads\/2022\/09\/id-viaduc.jpeg","type":"","width":"","height":""}],"twitter_card":"summary_large_image","twitter_misc":{"Dur\u00e9e de lecture estim\u00e9e":"2 minutes"},"schema":{"@context":"https:\/\/schema.org","@graph":[{"@type":"WebPage","@id":"https:\/\/www.influence-millau.com\/","url":"https:\/\/www.influence-millau.com\/","name":"Agence de communication sp\u00e9cialiste outdoor - Millau","isPartOf":{"@id":"https:\/\/www.influence-millau.com\/#website"},"primaryImageOfPage":{"@id":"https:\/\/www.influence-millau.com\/#primaryimage"},"image":{"@id":"https:\/\/www.influence-millau.com\/#primaryimage"},"thumbnailUrl":"https:\/\/www.influence-millau.com\/wp-content\/uploads\/2022\/09\/id-viaduc.jpeg","datePublished":"2021-06-14T09:17:11+00:00","dateModified":"2024-08-25T08:37:53+00:00","description":"Cr\u00e9ation graphique de tous supports de communication destin\u00e9s au secteur des sports outdoor, et du tourisme.","breadcrumb":{"@id":"https:\/\/www.influence-millau.com\/#breadcrumb"},"inLanguage":"fr-FR","potentialAction":[{"@type":"ReadAction","target":["https:\/\/www.influence-millau.com\/"]}]},{"@type":"ImageObject","inLanguage":"fr-FR","@id":"https:\/\/www.influence-millau.com\/#primaryimage","url":"https:\/\/www.influence-millau.com\/wp-content\/uploads\/2022\/09\/id-viaduc.jpeg","contentUrl":"https:\/\/www.influence-millau.com\/wp-content\/uploads\/2022\/09\/id-viaduc.jpeg","width":1080,"height":1080},{"@type":"BreadcrumbList","@id":"https:\/\/www.influence-millau.com\/#breadcrumb","itemListElement":[{"@type":"ListItem","position":1,"name":"Accueil","item":"https:\/\/www.influence-millau.com\/"},{"@type":"ListItem","position":2,"name":"BIENVENUE"}]},{"@type":"WebSite","@id":"https:\/\/www.influence-millau.com\/#website","url":"https:\/\/www.influence-millau.com\/","name":"Agence de communication sp\u00e9cialis\u00e9e pour les sports &amp; activit\u00e9s outdoor","description":"Bas\u00e9e \u00e0 Millau, capitale des sports de pleine nature.","publisher":{"@id":"https:\/\/www.influence-millau.com\/#organization"},"potentialAction":[{"@type":"SearchAction","target":{"@type":"EntryPoint","urlTemplate":"https:\/\/www.influence-millau.com\/?s={search_term_string}"},"query-input":{"@type":"PropertyValueSpecification","valueRequired":true,"valueName":"search_term_string"}}],"inLanguage":"fr-FR"},{"@type":"Organization","@id":"https:\/\/www.influence-millau.com\/#organization","name":"Influence","url":"https:\/\/www.influence-millau.com\/","logo":{"@type":"ImageObject","inLanguage":"fr-FR","@id":"https:\/\/www.influence-millau.com\/#\/schema\/logo\/image\/","url":"https:\/\/www.influence-millau.com\/wp-content\/uploads\/2021\/06\/logo-horizontal.png","contentUrl":"https:\/\/www.influence-millau.com\/wp-content\/uploads\/2021\/06\/logo-horizontal.png","width":860,"height":270,"caption":"Influence"},"image":{"@id":"https:\/\/www.influence-millau.com\/#\/schema\/logo\/image\/"}}]}},"_links":{"self":[{"href":"https:\/\/www.influence-millau.com\/index.php\/wp-json\/wp\/v2\/pages\/2","targetHints":{"allow":["GET"]}}],"collection":[{"href":"https:\/\/www.influence-millau.com\/index.php\/wp-json\/wp\/v2\/pages"}],"about":[{"href":"https:\/\/www.influence-millau.com\/index.php\/wp-json\/wp\/v2\/types\/page"}],"author":[{"embeddable":true,"href":"https:\/\/www.influence-millau.com\/index.php\/wp-json\/wp\/v2\/users\/1"}],"replies":[{"embeddable":true,"href":"https:\/\/www.influence-millau.com\/index.php\/wp-json\/wp\/v2\/comments?post=2"}],"version-history":[{"count":63,"href":"https:\/\/www.influence-millau.com\/index.php\/wp-json\/wp\/v2\/pages\/2\/revisions"}],"predecessor-version":[{"id":614,"href":"https:\/\/www.influence-millau.com\/index.php\/wp-json\/wp\/v2\/pages\/2\/revisions\/614"}],"wp:attachment":[{"href":"https:\/\/www.influence-millau.com\/index.php\/wp-json\/wp\/v2\/media?parent=2"}],"curies":[{"name":"wp","href":"https:\/\/api.w.org\/{rel}","templated":true}]}}